{"id":7,"date":"2022-04-25T08:52:59","date_gmt":"2022-04-25T06:52:59","guid":{"rendered":"https:\/\/scoalagerota.ro\/?page_id=7"},"modified":"2025-06-27T09:13:45","modified_gmt":"2025-06-27T07:13:45","slug":"acasa","status":"publish","type":"page","link":"https:\/\/scoalagerota.ro\/","title":{"rendered":"Acasa"},"content":{"rendered":"<p><!DOCTYPE html><br \/>\n<html lang=\"ro\"><br \/>\n<head><br \/>\n  <meta charset=\"UTF-8\"><br \/>\n  <meta name=\"viewport\" content=\"width=device-width, initial-scale=1.0\"><br \/>\n  <title>\u0218coala Constantin Gerot\u0103 Calafat<\/title><\/p>\n<style>\n    :root {\n      --main-color: #004080;\n      --accent-color: #e6f0ff;\n      --font-main: 'Segoe UI', Tahoma, Geneva, Verdana, sans-serif;\n    }<\/p>\n<p>    body {\n      margin: 0;\n      padding: 0;\n      font-family: var(--font-main);\n      background-color: #f4f7fa;\n      color: #333;\n      line-height: 1.6;\n    }<\/p>\n<p>    header {\n      background-color: var(--main-color);\n      color: white;\n      padding: 2rem 1rem;\n      text-align: center;\n    }<\/p>\n<p>    header h1 {\n      font-size: 2.5rem;\n      margin-bottom: 0.5rem;\n    }<\/p>\n<p>    main {\n      max-width: 900px;\n      margin: 2rem auto;\n      padding: 1.5rem;\n      background-color: white;\n      border-radius: 12px;\n      box-shadow: 0 4px 15px rgba(0,0,0,0.1);\n    }<\/p>\n<p>    .welcome {\n      font-size: 1.25rem;\n      font-style: italic;\n      color: var(--main-color);\n      margin-bottom: 1rem;\n    }<\/p>\n<p>    blockquote {\n      font-style: italic;\n      border-left: 5px solid var(--main-color);\n      margin: 1.5rem 0;\n      padding-left: 1rem;\n      color: #555;\n      background-color: var(--accent-color);\n      border-radius: 6px;\n    }<\/p>\n<p>    footer {\n      text-align: center;\n      padding: 1rem;\n      font-size: 0.9rem;\n      color: #777;\n    }\n  <\/style>\n<p><\/head><br \/>\n<body><\/p>\n<header>\n<h1>\u0218coala \u201eConstantin Gerot\u0103\u201d Calafat<\/h1>\n<p>O \u0219coal\u0103 pentru fiecare<\/p>\n<\/header>\n<p>  <main><\/p>\n<p class=\"welcome\"><strong><em>Bine a\u021bi venit!<\/em><\/strong><\/p>\n<blockquote><p>\n      \u201eNe na\u015ftem slabi \u015fi avem nevoie de putere, ne na\u015ftem neputincio\u015fi \u015fi avem nevoie de ajutor; ne na\u015ftem m\u0103rgini\u0163i \u015fi avem nevoie de judecat\u0103. Ceea ce ne lipse\u015fte c\u00e2nd venim pe lume, \u015fi de care avem nevoie mai t\u00e2rziu ne este dat prin educa\u0163ie.\u201d<br \/>\n      <br \/><strong>\u2013 J.J. Rousseau<\/strong>\n    <\/p><\/blockquote>\n<p>\n      \u0218coala Gimnazial\u0103 \u201eConstantin Gerot\u0103\u201d din Calafat ocup\u0103 un loc de frunte \u00een peisajul educa\u021bional al jude\u021bului Dolj. Aceasta se bucur\u0103 de prestigiu \u0219i recunoa\u0219tere, at\u00e2t \u00een r\u00e2ndul cadrelor didactice \u0219i elevilor, c\u00e2t \u0219i \u00een comunitatea local\u0103.\n    <\/p>\n<p>\n      De-a lungul anilor, genera\u021bii de elevi au descoperit \u00een aceast\u0103 \u0219coal\u0103 un mediu primitor \u0219i motivant, \u00een care au fost \u00eencuraja\u021bi s\u0103-\u0219i dezvolte poten\u021bialul \u0219i s\u0103 p\u0103trund\u0103 tainele cunoa\u0219terii. Fiecare clas\u0103, fiecare zi petrecut\u0103 aici contribuie la formarea unor tineri responsabili \u0219i bine preg\u0103ti\u021bi pentru viitor.\n    <\/p>\n<p>  <\/main><\/p>\n<footer>\n    &copy; 2025 \u0218coala Gimnazial\u0103 \u201eConstantin Gerot\u0103\u201d Calafat. Toate drepturile rezervate.<br \/>\n  <\/footer>\n<p><\/body><br \/>\n<\/html><\/p>\n","protected":false},"excerpt":{"rendered":"<p>\u0218coala Constantin Gerot\u0103 Calafat \u0218coala \u201eConstantin Gerot\u0103\u201d Calafat O \u0219coal\u0103 pentru fiecare Bine a\u021bi venit! \u201eNe na\u015ftem slabi \u015fi avem<\/p>\n<p><a href=\"https:\/\/scoalagerota.ro\/\" class=\"more-link\">Continue reading<span class=\"screen-reader-text\">Acasa<\/span><\/a><\/p>\n","protected":false},"author":1,"featured_media":0,"parent":0,"menu_order":0,"comment_status":"closed","ping_status":"closed","template":"","meta":{"footnotes":""},"class_list":["post-7","page","type-page","status-publish","hentry"],"_links":{"self":[{"href":"https:\/\/scoalagerota.ro\/index.php\/wp-json\/wp\/v2\/pages\/7","targetHints":{"allow":["GET"]}}],"collection":[{"href":"https:\/\/scoalagerota.ro\/index.php\/wp-json\/wp\/v2\/pages"}],"about":[{"href":"https:\/\/scoalagerota.ro\/index.php\/wp-json\/wp\/v2\/types\/page"}],"author":[{"embeddable":true,"href":"https:\/\/scoalagerota.ro\/index.php\/wp-json\/wp\/v2\/users\/1"}],"replies":[{"embeddable":true,"href":"https:\/\/scoalagerota.ro\/index.php\/wp-json\/wp\/v2\/comments?post=7"}],"version-history":[{"count":21,"href":"https:\/\/scoalagerota.ro\/index.php\/wp-json\/wp\/v2\/pages\/7\/revisions"}],"predecessor-version":[{"id":412,"href":"https:\/\/scoalagerota.ro\/index.php\/wp-json\/wp\/v2\/pages\/7\/revisions\/412"}],"wp:attachment":[{"href":"https:\/\/scoalagerota.ro\/index.php\/wp-json\/wp\/v2\/media?parent=7"}],"curies":[{"name":"wp","href":"https:\/\/api.w.org\/{rel}","templated":true}]}}