{"id":682,"date":"2026-04-08T12:00:02","date_gmt":"2026-04-08T10:00:02","guid":{"rendered":"https:\/\/scoalagerota.ro\/?page_id=682"},"modified":"2026-04-08T12:44:21","modified_gmt":"2026-04-08T10:44:21","slug":"ai-digital-me","status":"publish","type":"page","link":"https:\/\/scoalagerota.ro\/index.php\/proiecte\/ai-digital-me\/","title":{"rendered":"AI &#038; Digital Me"},"content":{"rendered":"<p><span style=\"font-family: 'Playfair Display', serif; font-size: 2.625rem; font-weight: bold;\">\ud83e\udd16 AI &amp; DIGITAL ME \u2013 eTwinning Project<\/span><\/p>\n<div class=\"container\">\n<header>\n<p class=\"lead\">Articol bilingv RO\u2013EN | \u0218coala Gimnazial\u0103 \u201eConstantin Gerot\u0103\u201d, Calafat<\/p>\n<p><span class=\"badge\">\ud83c\udf0d Collaboration \u2022 \ud83e\udd16 AI \u2022 \ud83c\udfa8 Creativity<\/span><\/p>\n<div class=\"gallery\"><img decoding=\"async\" src=\"https:\/\/scoalagerota.ro\/wp-content\/uploads\/2026\/04\/WhatsApp-Image-2026-04-08-at-13.05.43.jpeg\" \/><\/div>\n<\/header>\n<\/div>\n<p>&nbsp;<\/p>\n<p><!-- ABOUT --><\/p>\n<div class=\"card\">\n<h2><span class=\"icon\">\ud83c\udf0d<\/span>Despre proiect \/ About the Project<\/h2>\n<p class=\"ro\">Proiectul eTwinning <strong>AI &amp; DIGITAL ME<\/strong> a reunit elevi \u0219i profesori din Turcia, Albania \u0219i Rom\u00e2nia \u00eentr-o experien\u021b\u0103 educa\u021bional\u0103 modern\u0103 bazat\u0103 pe colaborare interna\u021bional\u0103 \u0219i utilizarea inteligen\u021bei artificiale.<\/p>\n<p class=\"en\">The eTwinning project <strong>AI &amp; DIGITAL ME<\/strong> brought together students and teachers from Turkey, Albania, and Romania in a modern educational experience focused on international collaboration and artificial intelligence.<\/p>\n<\/div>\n<p><!-- CREATIVITY --><\/p>\n<div class=\"card\">\n<h2><span class=\"icon\">\ud83c\udfa8<\/span>Creativitate \u0219i Inteligen\u021b\u0103 Artificial\u0103 \/ Creativity and AI<\/h2>\n<p class=\"ro\">Elevii Clasei Albinu\u021belor \u2013 clasa I C, coordona\u021bi de prof. \u00eenv. primar Urziceanu Floricica, au creat avatare, logo \u0219i mascot\u0103 pornind de la propriile desene, transformate cu ajutorul inteligen\u021bei artificiale.<\/p>\n<p class=\"en\">Students from the \u201cLittle Bees\u201d class created avatars, a logo, and a mascot starting from their own drawings, later brought to life using artificial intelligence tools.<\/p>\n<p class=\"ro\">Logo-ul realizat de echipa noastr\u0103 a fost desemnat c\u00e2\u0219tig\u0103tor.<\/p>\n<p class=\"en\">The logo created by our team became the winning design.<\/p>\n<div class=\"gallery\"><img decoding=\"async\" src=\"https:\/\/scoalagerota.ro\/wp-content\/uploads\/2026\/04\/WhatsApp-Image-2026-04-08-at-13.05.02-1.jpeg\" \/><\/div>\n<\/div>\n<p><!-- COLLABORATION --><\/p>\n<div class=\"card\">\n<h2><span class=\"icon\">\ud83d\udcbb<\/span>Colaborare Interna\u021bional\u0103 \/ International Collaboration<\/h2>\n<p class=\"ro\">Elevii au participat la \u00eent\u00e2lniri online pe Zoom \u0219i au realizat activit\u0103\u021bi comune al\u0103turi de \u0219colile partenere.<\/p>\n<p class=\"en\">Students joined Zoom meetings and completed collaborative activities together with partner schools.<\/p>\n<div class=\"gallery\">\n<div class=\"gallery\"><img decoding=\"async\" src=\"https:\/\/scoalagerota.ro\/wp-content\/uploads\/2026\/04\/WhatsApp-Image-2026-04-08-at-13.05.02-2.jpeg\" \/><\/div>\n<\/div>\n<\/div>\n<p><!-- MUSIC --><\/p>\n<div class=\"card\">\n<h2><span class=\"icon\">\ud83c\udfb5<\/span>Muzic\u0103 \u0219i Ziua Apei \/ Music and World Water Day<\/h2>\n<p class=\"ro\">De Ziua Apei, elevii au creat un c\u00e2ntec folosind aplica\u021bia Suno \u0219i au realizat \u00eempreun\u0103 un videoclip interna\u021bional.<\/p>\n<p class=\"en\">On World Water Day, students created a song using Suno and produced a collaborative international video.<\/p>\n<div class=\"video\"><a href=\"https:\/\/www.youtube.com\/watch?v=YURUI7oPqtI\" target=\"_blank\" rel=\"noopener\"><br \/>\n<!-- VIDEO SECTION --><\/p>\n<section style=\"max-width:900px; margin:40px auto; text-align:center;\">\n<h2 style=\"\n      font-family: 'Georgia', serif;\n      color:#003366;\n      margin-bottom:20px;\"><br \/>\n      Project Video Presentation<br \/>\n <a href=\"https:\/\/www.youtube.com\/watch?v=YURUI7oPqtI\" target=\"_blank\"><br \/>\n    <img decoding=\"async\" src=\"https:\/\/img.youtube.com\/vi\/YURUI7oPqtI\/maxresdefault.jpg\"\n         alt=\"Project Video\"\n         style=\"width:100%; max-width:800px; border-radius:12px;\"><br \/>\n<\/a><\/p><\/div>\n<\/section>\n<p><\/a><\/div>\n<div class=\"gallery\">\n<div class=\"gallery\"><img decoding=\"async\" src=\"https:\/\/scoalagerota.ro\/wp-content\/uploads\/2026\/04\/WhatsApp-Image-2026-04-08-at-13.05.02.jpeg\" \/><\/div>\n<\/div>\n<\/div>\n<p><!-- IMPACT --><\/p>\n<div class=\"card\">\n<h2><span class=\"icon\">\ud83d\ude80<\/span>Impactul proiectului \/ Project Impact<\/h2>\n<p class=\"ro\">Proiectul a dezvoltat creativitatea, competen\u021bele digitale \u0219i spiritul de echip\u0103 al elevilor, demonstr\u00e2nd c\u0103 inteligen\u021ba artificial\u0103 poate deveni un instrument educa\u021bional valoros.<\/p>\n<p class=\"en\">The project enhanced students\u2019 creativity, digital skills, and teamwork, proving that artificial intelligence can be a powerful educational tool.<\/p>\n<\/div>\n<p>&nbsp;<\/p>\n<footer>\u0218coala Gimnazial\u0103 \u201eConstantin Gerot\u0103\u201d, Calafat \u2022 eTwinning Project AI &amp; DIGITAL ME<br \/>\n\u2728 Learning through collaboration, creativity and artificial intelligence.<br \/>\n\u00a9 2026 \u0218coala Gimnazial\u0103 Constantin Gerot\u0103 \u2014 Clubul eTwinning<\/footer>\n<p>&nbsp;<\/p>\n","protected":false},"excerpt":{"rendered":"<p>\ud83e\udd16 AI &amp; DIGITAL ME \u2013 eTwinning Project Articol bilingv RO\u2013EN | \u0218coala Gimnazial\u0103 \u201eConstantin Gerot\u0103\u201d, Calafat \ud83c\udf0d Collaboration \u2022<\/p>\n<p><a href=\"https:\/\/scoalagerota.ro\/index.php\/proiecte\/ai-digital-me\/\" class=\"more-link\">Continue reading<span class=\"screen-reader-text\">AI &#038; Digital Me<\/span><\/a><\/p>\n","protected":false},"author":1,"featured_media":0,"parent":13,"menu_order":0,"comment_status":"closed","ping_status":"closed","template":"","meta":{"footnotes":""},"class_list":["post-682","page","type-page","status-publish","hentry"],"_links":{"self":[{"href":"https:\/\/scoalagerota.ro\/index.php\/wp-json\/wp\/v2\/pages\/682","targetHints":{"allow":["GET"]}}],"collection":[{"href":"https:\/\/scoalagerota.ro\/index.php\/wp-json\/wp\/v2\/pages"}],"about":[{"href":"https:\/\/scoalagerota.ro\/index.php\/wp-json\/wp\/v2\/types\/page"}],"author":[{"embeddable":true,"href":"https:\/\/scoalagerota.ro\/index.php\/wp-json\/wp\/v2\/users\/1"}],"replies":[{"embeddable":true,"href":"https:\/\/scoalagerota.ro\/index.php\/wp-json\/wp\/v2\/comments?post=682"}],"version-history":[{"count":17,"href":"https:\/\/scoalagerota.ro\/index.php\/wp-json\/wp\/v2\/pages\/682\/revisions"}],"predecessor-version":[{"id":709,"href":"https:\/\/scoalagerota.ro\/index.php\/wp-json\/wp\/v2\/pages\/682\/revisions\/709"}],"up":[{"embeddable":true,"href":"https:\/\/scoalagerota.ro\/index.php\/wp-json\/wp\/v2\/pages\/13"}],"wp:attachment":[{"href":"https:\/\/scoalagerota.ro\/index.php\/wp-json\/wp\/v2\/media?parent=682"}],"curies":[{"name":"wp","href":"https:\/\/api.w.org\/{rel}","templated":true}]}}