{"id":620,"date":"2025-12-06T17:21:39","date_gmt":"2025-12-06T15:21:39","guid":{"rendered":"https:\/\/scoalagerota.ro\/?page_id=620"},"modified":"2025-12-06T17:21:39","modified_gmt":"2025-12-06T15:21:39","slug":"everyone-is-welcome","status":"publish","type":"page","link":"https:\/\/scoalagerota.ro\/index.php\/proiecte\/everyone-is-welcome\/","title":{"rendered":"EVERYONE IS WELCOME!"},"content":{"rendered":"<li><strong>Proiectul &lt;&lt;\u00cembun\u0103t\u0103\u021birea infrastructurii de predare \u2013 \u00eenv\u0103\u021bare \u2013 evaluare pentru SCOALA GIMNAZIALA \u2019\u2019CONSTANTIN GEROTA\u2019\u2019 CALAFAT &gt;&gt; , <\/strong>Cod SMIS <strong>145070, <\/strong>Contract de finan\u021bare <strong>396\/233t\/22.09.2021<\/strong><\/li>\n<\/ul>\n<ol>\n<li style=\"list-style-type: none;\">\n<ol>\n<li><a style=\"color: #000000; outline: 0px;\" href=\"https:\/\/scoalagerota.ro\/wp-content\/uploads\/2024\/11\/Anunt-incepere-proiect-publicat-Gazeta-de-SUD.pdf\">Anunt incepere proiect publicat Gazeta de SUD<\/a><\/li>\n<li><a href=\"https:\/\/scoalagerota.ro\/wp-content\/uploads\/2024\/11\/Situatie-achizitii-proiect.pdf\">Situatie achizitii proiect<\/a><\/li>\n<li><a href=\"https:\/\/scoalagerota.ro\/wp-content\/uploads\/2024\/11\/Anunt-de-presa-finalizare-proiect-GDS-20-martie-2023-1.pdf\">Anunt de presa finalizare proiect Gazeta de SUD 20-martie-2023<\/a><\/li>\n<\/ol>\n<\/li>\n<\/ol>\n<ul>\n<li>Proiectul <strong>Erasmus<\/strong> &#8222;<strong>S\u0103 ne unim pentru ap\u0103 curat\u0103<\/strong>&#8222;\/&#8221;<strong style=\"font-size: 1.125rem;\">LET\u2019S UNITE FOR CLEAN WATER&#8221;<\/strong><span style=\"font-size: 1.125rem;\">, <\/span><strong style=\"font-size: 1.125rem;\">Kilis,Turcia<\/strong><\/li>\n<\/ul>\n<p><img loading=\"lazy\" decoding=\"async\" class=\"alignnone size-medium wp-image-222\" src=\"https:\/\/scoalagerota.ro\/wp-content\/uploads\/2022\/11\/Proiectul-Erasmus-Sa-ne-unim-pentru-apa-curata-KilisTurcia-e1669059955863-300x249.jpg\" alt=\"\" width=\"300\" height=\"249\" srcset=\"https:\/\/scoalagerota.ro\/wp-content\/uploads\/2022\/11\/Proiectul-Erasmus-Sa-ne-unim-pentru-apa-curata-KilisTurcia-e1669059955863-300x249.jpg 300w, https:\/\/scoalagerota.ro\/wp-content\/uploads\/2022\/11\/Proiectul-Erasmus-Sa-ne-unim-pentru-apa-curata-KilisTurcia-e1669059955863-768x637.jpg 768w, https:\/\/scoalagerota.ro\/wp-content\/uploads\/2022\/11\/Proiectul-Erasmus-Sa-ne-unim-pentru-apa-curata-KilisTurcia-e1669059955863-1024x849.jpg 1024w, https:\/\/scoalagerota.ro\/wp-content\/uploads\/2022\/11\/Proiectul-Erasmus-Sa-ne-unim-pentru-apa-curata-KilisTurcia-e1669059955863-1536x1273.jpg 1536w, https:\/\/scoalagerota.ro\/wp-content\/uploads\/2022\/11\/Proiectul-Erasmus-Sa-ne-unim-pentru-apa-curata-KilisTurcia-e1669059955863.jpg 1853w\" sizes=\"auto, (max-width: 300px) 100vw, 300px\" \/><\/p>\n<ul>\n<li><strong>\u201eEVERYONE IS WELCOME!\u201d Proiectul Erasmus+ &#8211; &#8222;Toat\u0103 lumea este binevenit\u0103!&#8221;<\/strong><\/li>\n<\/ul>\n<p><a href=\"https:\/\/youtu.be\/w6ikutDN4xQ\">ziua intai &#8211; mai 2022;<\/a><\/p>\n<p><a href=\"https:\/\/m.youtube.com\/watch?v=DNqrmHfOv_w&amp;feature=youtu.be\">ziua a doua &#8211; EVERYONE IS WELCOME 2nd DAY<\/a><a href=\"https:\/\/m.youtube.com\/watch?v=DNqrmHfOv_w&amp;feature=youtu.be\">;<\/a><\/p>\n<p><a href=\"https:\/\/m.youtube.com\/watch?v=9u102Rc1DVw&amp;feature=youtu.be\">ziua a treia<\/a> &#8211; TOUR A RAGUSA IBLA<\/p>\n<p><a href=\"https:\/\/fb.watch\/dapp-dJwoh\/\">ziua a patra<\/a><\/p>\n<ul>\n<li><strong>&#8222;<\/strong><strong>JOYFUL SCHOOL!&#8221; <\/strong><strong>Proiectul Erasmus+ &#8211; &#8222;Scoala vesela!&#8221;<\/strong><\/li>\n<\/ul>\n<p><a href=\"https:\/\/scoalagerota.ro\/wp-content\/uploads\/2022\/06\/Program.pdf\">Program<\/a><\/p>\n<p><a href=\"https:\/\/youtu.be\/Oymr6OHm9-U\">ziua intai &#8211; 6 iunie 2022<\/a><\/p>\n<div class=\"footer\">\u00a9 2022 \u0218coala Gimnazial\u0103 \u201eConstantin Gerot\u0103\u201d Calafat<\/div>\n<p>&nbsp;<\/p>\n","protected":false},"excerpt":{"rendered":"<p>Proiectul &lt;&lt;\u00cembun\u0103t\u0103\u021birea infrastructurii de predare \u2013 \u00eenv\u0103\u021bare \u2013 evaluare pentru SCOALA GIMNAZIALA \u2019\u2019CONSTANTIN GEROTA\u2019\u2019 CALAFAT &gt;&gt; , Cod SMIS 145070,<\/p>\n<p><a href=\"https:\/\/scoalagerota.ro\/index.php\/proiecte\/everyone-is-welcome\/\" class=\"more-link\">Continue reading<span class=\"screen-reader-text\">EVERYONE IS WELCOME!<\/span><\/a><\/p>\n","protected":false},"author":1,"featured_media":0,"parent":13,"menu_order":0,"comment_status":"closed","ping_status":"closed","template":"","meta":{"footnotes":""},"class_list":["post-620","page","type-page","status-publish","hentry"],"_links":{"self":[{"href":"https:\/\/scoalagerota.ro\/index.php\/wp-json\/wp\/v2\/pages\/620","targetHints":{"allow":["GET"]}}],"collection":[{"href":"https:\/\/scoalagerota.ro\/index.php\/wp-json\/wp\/v2\/pages"}],"about":[{"href":"https:\/\/scoalagerota.ro\/index.php\/wp-json\/wp\/v2\/types\/page"}],"author":[{"embeddable":true,"href":"https:\/\/scoalagerota.ro\/index.php\/wp-json\/wp\/v2\/users\/1"}],"replies":[{"embeddable":true,"href":"https:\/\/scoalagerota.ro\/index.php\/wp-json\/wp\/v2\/comments?post=620"}],"version-history":[{"count":1,"href":"https:\/\/scoalagerota.ro\/index.php\/wp-json\/wp\/v2\/pages\/620\/revisions"}],"predecessor-version":[{"id":621,"href":"https:\/\/scoalagerota.ro\/index.php\/wp-json\/wp\/v2\/pages\/620\/revisions\/621"}],"up":[{"embeddable":true,"href":"https:\/\/scoalagerota.ro\/index.php\/wp-json\/wp\/v2\/pages\/13"}],"wp:attachment":[{"href":"https:\/\/scoalagerota.ro\/index.php\/wp-json\/wp\/v2\/media?parent=620"}],"curies":[{"name":"wp","href":"https:\/\/api.w.org\/{rel}","templated":true}]}}