{"id":608,"date":"2025-12-06T17:12:35","date_gmt":"2025-12-06T15:12:35","guid":{"rendered":"https:\/\/scoalagerota.ro\/?page_id=608"},"modified":"2025-12-06T17:14:12","modified_gmt":"2025-12-06T15:14:12","slug":"starting-with-artificial-intelligence","status":"publish","type":"page","link":"https:\/\/scoalagerota.ro\/index.php\/proiecte\/starting-with-artificial-intelligence\/","title":{"rendered":"Starting with Artificial Intelligence"},"content":{"rendered":"<style>\n\/* ---------- PALET\u0102 CULORI AI ---------- *\/\n:root {\n  --ai-accent1: #0066ff;\n  --ai-accent2: #7c4dff;\n  --ai-text: #333;\n  --ai-soft: rgba(0,0,0,0.07);\n}<\/p>\n<p>\/* ---------- PAGINA ---------- *\/\nbody {\n  font-family: 'Segoe UI', Arial, sans-serif;\n  margin: 0;\n  padding: 0;\n  background: #ffffff !important;\n  color: var(--ai-text);\n}<\/p>\n<p>\/* ---------- CONTAINER PRINCIPAL ---------- *\/\n.container {\n  max-width: 1200px;\n  margin: 40px auto;\n  padding: 40px;\n  background: #ffffff;\n  border-radius: 12px;\n  border: 1px solid var(--ai-soft);\n  box-shadow: 0 2px 12px rgba(0,0,0,0.08);\n}<\/p>\n<p>\/* ---------- TITLURI ---------- *\/\nh1 {\n  font-size: 2.2em;\n  font-weight: 700;\n  background: linear-gradient(45deg, var(--ai-accent1), var(--ai-accent2));\n  -webkit-background-clip: text;\n  -webkit-text-fill-color: transparent;\n  margin-top: 0;\n  margin-bottom: 25px;\n}<\/p>\n<p>h2 {\n  color: var(--ai-accent1);\n  margin-top: 40px;\n  font-weight: 700;\n}<\/p>\n<p>\/* ---------- TEXT ---------- *\/\np {\n  line-height: 1.7;\n  margin-bottom: 20px;\n  font-size: 1.05em;\n}<\/p>\n<p>\/* ---------- GALERIE FOTO ---------- *\/\n.photos img {\n  width: 100%;\n  margin-bottom: 25px;\n  border-radius: 10px;\n  border: 1px solid var(--ai-soft);\n  box-shadow: 0 2px 10px rgba(0,0,0,0.10);\n}<\/p>\n<p>\/* ---------- VIDEO ---------- *\/\n.video-box {\n  text-align: center;\n  margin: 40px 0;\n}<\/p>\n<p>video {\n  width: 100%;\n  max-width: 800px;\n  border-radius: 10px;\n  border: 1px solid var(--ai-soft);\n  box-shadow: 0 2px 12px rgba(0,0,0,0.12);\n}<\/p>\n<p>\/* ---------- FOOTER ---------- *\/\n.footer {\n  text-align: center;\n  margin-top: 40px;\n  padding-top: 20px;\n  font-size: 0.9em;\n  color: #555;\n  border-top: 1px solid var(--ai-soft);\n}\n<\/style>\n<div class=\"container\">\n<h1>\u00cencheierea unui proiect de succes: \u201eStarting with Artificial Intelligence\u201d<\/h1>\n<p>\u0218coala Gimnazial\u0103 \u201eConstantin Gerot\u0103\u201d din Calafat a finalizat cu succes participarea la proiectul european eTwinning \u201eStarting with Artificial Intelligence\u201d. Acesta a reunit elevi \u0219i profesori din mai multe \u021b\u0103ri europene \u00een jurul unei teme de actualitate: inteligen\u021ba artificial\u0103.<\/p>\n<h2>Activit\u0103\u021bi desf\u0103\u0219urate<\/h2>\n<p>Pe parcursul proiectului, elevii au \u00eenv\u0103\u021bat no\u021biuni de baz\u0103 despre AI, au lucrat \u00een echipe interna\u021bionale pe platforma TwinSpace, au creat materiale digitale \u0219i au participat la ateliere interactive. Curiozitatea \u0219i entuziasmul lor au fost evidente \u00een fiecare etap\u0103.<\/p>\n<h2>Impact \u0219i beneficii<\/h2>\n<p>Elevii \u0219i-au dezvoltat abilit\u0103\u021bi esen\u021biale pentru viitor: g\u00e2ndirea critic\u0103, lucrul \u00een echip\u0103 \u0219i competen\u021bele digitale. Profesorii implica\u021bi au aplicat metode moderne, iar \u0219coala noastr\u0103 \u0219i-a consolidat deschiderea european\u0103 \u0219i profilul digital.<\/p>\n<h2>Rezultate finale<\/h2>\n<p>La finalul proiectului, elevii au prezentat portofolii digitale, au participat la \u00eent\u00e2lniri online \u0219i au primit certificate eTwinning. A fost o experien\u021b\u0103 memorabil\u0103, care a inspirat \u0219i motivat \u00eentreaga comunitate \u0219colar\u0103.<\/p>\n<div class=\"photos\">\n    <img decoding=\"async\" src=\"https:\/\/scoalagerota.ro\/wp-content\/uploads\/2025\/06\/image_2025-03-20_08-41-41.png\" alt=\"Elevi \u00een timpul activit\u0103\u021bilor AI\" \/><br \/>\n    <img decoding=\"async\" src=\"https:\/\/scoalagerota.ro\/wp-content\/uploads\/2025\/06\/IMG_20250530_140124-scaled.jpg\" alt=\"Lucr\u0103ri realizate de elevi\" \/><br \/>\n    <img decoding=\"async\" src=\"https:\/\/scoalagerota.ro\/wp-content\/uploads\/2025\/06\/image_2025-05-21_11-39-45.jpg\" alt=\"\u00cent\u00e2lnire interna\u021bional\u0103 online\" \/><br \/>\n    <img decoding=\"async\" src=\"https:\/\/scoalagerota.ro\/wp-content\/uploads\/2025\/06\/IMG_20250530_115716-scaled.jpg\" alt=\"\u00cenm\u00e2narea certificatelor\" \/><br \/>\n    <img decoding=\"async\" src=\"https:\/\/scoalagerota.ro\/wp-content\/uploads\/2025\/06\/png-transparent-etwinning-europe-school-teacher-education-school-text-logo-teacher.png\" alt=\"Sigla eTwinning\" \/><br \/>\n    <img decoding=\"async\" src=\"https:\/\/scoalagerota.ro\/wp-content\/uploads\/2025\/07\/Captura-de-ecran-din-2025-07-01-la-16.05.10.png\" alt=\"\" \/>\n  <\/div>\n<div class=\"video-box\">\n<h2>Videoclipul proiectului<\/h2>\n<p>    <video controls><source src=\"https:\/\/scoalagerota.ro\/wp-content\/uploads\/2025\/06\/HnVideoEditor_2025_05_30_172915418.mp4\" type=\"video\/mp4\">Browserul t\u0103u nu suport\u0103 elementul video.<\/video>\n  <\/div>\n<div class=\"footer\">\n    \u00a9 2025 \u0218coala Gimnazial\u0103 \u201eConstantin Gerot\u0103\u201d Calafat\n  <\/div>\n<\/div>\n","protected":false},"excerpt":{"rendered":"<p>\u00cencheierea unui proiect de succes: \u201eStarting with Artificial Intelligence\u201d \u0218coala Gimnazial\u0103 \u201eConstantin Gerot\u0103\u201d din Calafat a finalizat cu succes participarea<\/p>\n<p><a href=\"https:\/\/scoalagerota.ro\/index.php\/proiecte\/starting-with-artificial-intelligence\/\" class=\"more-link\">Continue reading<span class=\"screen-reader-text\">Starting with Artificial Intelligence<\/span><\/a><\/p>\n","protected":false},"author":1,"featured_media":0,"parent":13,"menu_order":0,"comment_status":"closed","ping_status":"closed","template":"","meta":{"footnotes":""},"class_list":["post-608","page","type-page","status-publish","hentry"],"_links":{"self":[{"href":"https:\/\/scoalagerota.ro\/index.php\/wp-json\/wp\/v2\/pages\/608","targetHints":{"allow":["GET"]}}],"collection":[{"href":"https:\/\/scoalagerota.ro\/index.php\/wp-json\/wp\/v2\/pages"}],"about":[{"href":"https:\/\/scoalagerota.ro\/index.php\/wp-json\/wp\/v2\/types\/page"}],"author":[{"embeddable":true,"href":"https:\/\/scoalagerota.ro\/index.php\/wp-json\/wp\/v2\/users\/1"}],"replies":[{"embeddable":true,"href":"https:\/\/scoalagerota.ro\/index.php\/wp-json\/wp\/v2\/comments?post=608"}],"version-history":[{"count":3,"href":"https:\/\/scoalagerota.ro\/index.php\/wp-json\/wp\/v2\/pages\/608\/revisions"}],"predecessor-version":[{"id":611,"href":"https:\/\/scoalagerota.ro\/index.php\/wp-json\/wp\/v2\/pages\/608\/revisions\/611"}],"up":[{"embeddable":true,"href":"https:\/\/scoalagerota.ro\/index.php\/wp-json\/wp\/v2\/pages\/13"}],"wp:attachment":[{"href":"https:\/\/scoalagerota.ro\/index.php\/wp-json\/wp\/v2\/media?parent=608"}],"curies":[{"name":"wp","href":"https:\/\/api.w.org\/{rel}","templated":true}]}}